{"id":449,"date":"2022-10-22T15:57:17","date_gmt":"2022-10-22T18:57:17","guid":{"rendered":"https:\/\/casadoprojeto.com.br\/?page_id=449"},"modified":"2022-10-26T00:14:01","modified_gmt":"2022-10-26T03:14:01","slug":"portfolio","status":"publish","type":"page","link":"https:\/\/casadoprojeto.com.br\/?page_id=449","title":{"rendered":"Galeria"},"content":{"rendered":"\t\t<div data-elementor-type=\"wp-page\" data-elementor-id=\"449\" class=\"elementor elementor-449\">\n\t\t\t\t\t\t<section class=\"elementor-section elementor-top-section elementor-element elementor-element-91038e8 elementor-section-full_width elementor-section-stretched elementor-section-height-default elementor-section-height-default\" data-id=\"91038e8\" data-element_type=\"section\" data-e-type=\"section\" data-settings=\"{&quot;stretch_section&quot;:&quot;section-stretched&quot;}\">\n\t\t\t\t\t\t<div class=\"elementor-container elementor-column-gap-default\">\n\t\t\t\t\t<div class=\"elementor-column elementor-col-100 elementor-top-column elementor-element elementor-element-c6c939e\" data-id=\"c6c939e\" data-element_type=\"column\" data-e-type=\"column\">\n\t\t\t<div class=\"elementor-widget-wrap elementor-element-populated\">\n\t\t\t\t\t\t<div class=\"elementor-element elementor-element-37d2507 elementor-widget elementor-widget-image-gallery\" data-id=\"37d2507\" data-element_type=\"widget\" data-e-type=\"widget\" data-widget_type=\"image-gallery.default\">\n\t\t\t\t<div class=\"elementor-widget-container\">\n\t\t\t\t\t\t\t<div class=\"elementor-image-gallery\">\n\t\t\t<div id='gallery-1' class='gallery galleryid-449 gallery-columns-4 gallery-size-thumbnail'><figure class='gallery-item'>\n\t\t\t<div class='gallery-icon landscape'>\n\t\t\t\t<a data-elementor-open-lightbox=\"yes\" data-elementor-lightbox-slideshow=\"37d2507\" data-elementor-lightbox-title=\"TOP_PRF_JAN2020-FORMATO_A1\" data-e-action-hash=\"#elementor-action%3Aaction%3Dlightbox%26settings%3DeyJpZCI6NDY3LCJ1cmwiOiJodHRwczpcL1wvY2FzYWRvcHJvamV0by5jb20uYnJcL3dwLWNvbnRlbnRcL3VwbG9hZHNcLzIwMjJcLzEwXC9UT1BfUFJGX0pBTjIwMjAtRk9STUFUT19BMS5qcGciLCJzbGlkZXNob3ciOiIzN2QyNTA3In0%3D\" href='https:\/\/casadoprojeto.com.br\/wp-content\/uploads\/2022\/10\/TOP_PRF_JAN2020-FORMATO_A1.jpg'><img decoding=\"async\" width=\"150\" height=\"106\" src=\"https:\/\/casadoprojeto.com.br\/wp-content\/uploads\/2022\/10\/TOP_PRF_JAN2020-FORMATO_A1.jpg\" class=\"attachment-thumbnail size-thumbnail\" alt=\"\" aria-describedby=\"gallery-1-467\" \/><\/a>\n\t\t\t<\/div>\n\t\t\t\t<figcaption class='wp-caption-text gallery-caption' id='gallery-1-467'>\n\t\t\t\tLEV. TOPOGR\u00c1FICO\n\t\t\t\t<\/figcaption><\/figure><figure class='gallery-item'>\n\t\t\t<div class='gallery-icon landscape'>\n\t\t\t\t<a data-elementor-open-lightbox=\"yes\" data-elementor-lightbox-slideshow=\"37d2507\" data-elementor-lightbox-title=\"3D_PROJETO_HS\" data-e-action-hash=\"#elementor-action%3Aaction%3Dlightbox%26settings%3DeyJpZCI6NDY4LCJ1cmwiOiJodHRwczpcL1wvY2FzYWRvcHJvamV0by5jb20uYnJcL3dwLWNvbnRlbnRcL3VwbG9hZHNcLzIwMjJcLzEwXC8zRF9QUk9KRVRPX0hTLmpwZyIsInNsaWRlc2hvdyI6IjM3ZDI1MDcifQ%3D%3D\" href='https:\/\/casadoprojeto.com.br\/wp-content\/uploads\/2022\/10\/3D_PROJETO_HS.jpg'><img decoding=\"async\" width=\"150\" height=\"150\" src=\"https:\/\/casadoprojeto.com.br\/wp-content\/uploads\/2022\/10\/3D_PROJETO_HS-150x150.jpg\" class=\"attachment-thumbnail size-thumbnail\" alt=\"\" aria-describedby=\"gallery-1-468\" srcset=\"https:\/\/casadoprojeto.com.br\/wp-content\/uploads\/2022\/10\/3D_PROJETO_HS-150x150.jpg 150w, https:\/\/casadoprojeto.com.br\/wp-content\/uploads\/2022\/10\/3D_PROJETO_HS-140x140.jpg 140w\" sizes=\"(max-width: 150px) 100vw, 150px\" \/><\/a>\n\t\t\t<\/div>\n\t\t\t\t<figcaption class='wp-caption-text gallery-caption' id='gallery-1-468'>\n\t\t\t\tPROJETO HIDROSANIT\u00c1RIO\n\t\t\t\t<\/figcaption><\/figure><figure class='gallery-item'>\n\t\t\t<div class='gallery-icon landscape'>\n\t\t\t\t<a data-elementor-open-lightbox=\"yes\" data-elementor-lightbox-slideshow=\"37d2507\" data-elementor-lightbox-title=\"3dcapt\" data-e-action-hash=\"#elementor-action%3Aaction%3Dlightbox%26settings%3DeyJpZCI6NDY5LCJ1cmwiOiJodHRwczpcL1wvY2FzYWRvcHJvamV0by5jb20uYnJcL3dwLWNvbnRlbnRcL3VwbG9hZHNcLzIwMjJcLzEwXC8zZGNhcHQuanBnIiwic2xpZGVzaG93IjoiMzdkMjUwNyJ9\" href='https:\/\/casadoprojeto.com.br\/wp-content\/uploads\/2022\/10\/3dcapt.jpg'><img decoding=\"async\" width=\"150\" height=\"150\" src=\"https:\/\/casadoprojeto.com.br\/wp-content\/uploads\/2022\/10\/3dcapt-150x150.jpg\" class=\"attachment-thumbnail size-thumbnail\" alt=\"\" aria-describedby=\"gallery-1-469\" srcset=\"https:\/\/casadoprojeto.com.br\/wp-content\/uploads\/2022\/10\/3dcapt-150x150.jpg 150w, https:\/\/casadoprojeto.com.br\/wp-content\/uploads\/2022\/10\/3dcapt-140x140.jpg 140w\" sizes=\"(max-width: 150px) 100vw, 150px\" \/><\/a>\n\t\t\t<\/div>\n\t\t\t\t<figcaption class='wp-caption-text gallery-caption' id='gallery-1-469'>\n\t\t\t\tPROJETO DE ABASTECIMENTO DE \u00c1GUA\n\t\t\t\t<\/figcaption><\/figure><figure class='gallery-item'>\n\t\t\t<div class='gallery-icon landscape'>\n\t\t\t\t<a data-elementor-open-lightbox=\"yes\" data-elementor-lightbox-slideshow=\"37d2507\" data-elementor-lightbox-title=\"CAD\" data-e-action-hash=\"#elementor-action%3Aaction%3Dlightbox%26settings%3DeyJpZCI6NDcwLCJ1cmwiOiJodHRwczpcL1wvY2FzYWRvcHJvamV0by5jb20uYnJcL3dwLWNvbnRlbnRcL3VwbG9hZHNcLzIwMjJcLzEwXC9DQUQucG5nIiwic2xpZGVzaG93IjoiMzdkMjUwNyJ9\" href='https:\/\/casadoprojeto.com.br\/wp-content\/uploads\/2022\/10\/CAD.png'><img loading=\"lazy\" decoding=\"async\" width=\"150\" height=\"150\" src=\"https:\/\/casadoprojeto.com.br\/wp-content\/uploads\/2022\/10\/CAD-150x150.png\" class=\"attachment-thumbnail size-thumbnail\" alt=\"\" aria-describedby=\"gallery-1-470\" srcset=\"https:\/\/casadoprojeto.com.br\/wp-content\/uploads\/2022\/10\/CAD-150x150.png 150w, https:\/\/casadoprojeto.com.br\/wp-content\/uploads\/2022\/10\/CAD-140x140.png 140w\" sizes=\"(max-width: 150px) 100vw, 150px\" \/><\/a>\n\t\t\t<\/div>\n\t\t\t\t<figcaption class='wp-caption-text gallery-caption' id='gallery-1-470'>\n\t\t\t\tACOMPANHAMENTO DE OBRAS\n\t\t\t\t<\/figcaption><\/figure><figure class='gallery-item'>\n\t\t\t<div class='gallery-icon landscape'>\n\t\t\t\t<a data-elementor-open-lightbox=\"yes\" data-elementor-lightbox-slideshow=\"37d2507\" data-elementor-lightbox-title=\"img_jds_mosaico2\" data-e-action-hash=\"#elementor-action%3Aaction%3Dlightbox%26settings%3DeyJpZCI6NDcxLCJ1cmwiOiJodHRwczpcL1wvY2FzYWRvcHJvamV0by5jb20uYnJcL3dwLWNvbnRlbnRcL3VwbG9hZHNcLzIwMjJcLzEwXC9pbWdfamRzX21vc2FpY28yLmpwZyIsInNsaWRlc2hvdyI6IjM3ZDI1MDcifQ%3D%3D\" href='https:\/\/casadoprojeto.com.br\/wp-content\/uploads\/2022\/10\/img_jds_mosaico2.jpg'><img loading=\"lazy\" decoding=\"async\" width=\"150\" height=\"150\" src=\"https:\/\/casadoprojeto.com.br\/wp-content\/uploads\/2022\/10\/img_jds_mosaico2-150x150.jpg\" class=\"attachment-thumbnail size-thumbnail\" alt=\"\" aria-describedby=\"gallery-1-471\" srcset=\"https:\/\/casadoprojeto.com.br\/wp-content\/uploads\/2022\/10\/img_jds_mosaico2-150x150.jpg 150w, https:\/\/casadoprojeto.com.br\/wp-content\/uploads\/2022\/10\/img_jds_mosaico2-140x140.jpg 140w\" sizes=\"(max-width: 150px) 100vw, 150px\" \/><\/a>\n\t\t\t<\/div>\n\t\t\t\t<figcaption class='wp-caption-text gallery-caption' id='gallery-1-471'>\n\t\t\t\tAEROFOTOGRAMETRIA\n\t\t\t\t<\/figcaption><\/figure><figure class='gallery-item'>\n\t\t\t<div class='gallery-icon landscape'>\n\t\t\t\t<a data-elementor-open-lightbox=\"yes\" data-elementor-lightbox-slideshow=\"37d2507\" data-elementor-lightbox-title=\"Proj_eletrico\" data-e-action-hash=\"#elementor-action%3Aaction%3Dlightbox%26settings%3DeyJpZCI6NDcyLCJ1cmwiOiJodHRwczpcL1wvY2FzYWRvcHJvamV0by5jb20uYnJcL3dwLWNvbnRlbnRcL3VwbG9hZHNcLzIwMjJcLzEwXC9Qcm9qX2VsZXRyaWNvLmpwZyIsInNsaWRlc2hvdyI6IjM3ZDI1MDcifQ%3D%3D\" href='https:\/\/casadoprojeto.com.br\/wp-content\/uploads\/2022\/10\/Proj_eletrico.jpg'><img loading=\"lazy\" decoding=\"async\" width=\"150\" height=\"150\" src=\"https:\/\/casadoprojeto.com.br\/wp-content\/uploads\/2022\/10\/Proj_eletrico-150x150.jpg\" class=\"attachment-thumbnail size-thumbnail\" alt=\"\" aria-describedby=\"gallery-1-472\" srcset=\"https:\/\/casadoprojeto.com.br\/wp-content\/uploads\/2022\/10\/Proj_eletrico-150x150.jpg 150w, https:\/\/casadoprojeto.com.br\/wp-content\/uploads\/2022\/10\/Proj_eletrico-140x140.jpg 140w\" sizes=\"(max-width: 150px) 100vw, 150px\" \/><\/a>\n\t\t\t<\/div>\n\t\t\t\t<figcaption class='wp-caption-text gallery-caption' id='gallery-1-472'>\n\t\t\t\tPROJETO EL\u00c9TRICO\n\t\t\t\t<\/figcaption><\/figure><figure class='gallery-item'>\n\t\t\t<div class='gallery-icon landscape'>\n\t\t\t\t<a data-elementor-open-lightbox=\"yes\" data-elementor-lightbox-slideshow=\"37d2507\" data-elementor-lightbox-title=\"TERRAPLANAGEM_hipso\" data-e-action-hash=\"#elementor-action%3Aaction%3Dlightbox%26settings%3DeyJpZCI6NDczLCJ1cmwiOiJodHRwczpcL1wvY2FzYWRvcHJvamV0by5jb20uYnJcL3dwLWNvbnRlbnRcL3VwbG9hZHNcLzIwMjJcLzEwXC9URVJSQVBMQU5BR0VNX2hpcHNvLnBuZyIsInNsaWRlc2hvdyI6IjM3ZDI1MDcifQ%3D%3D\" href='https:\/\/casadoprojeto.com.br\/wp-content\/uploads\/2022\/10\/TERRAPLANAGEM_hipso.png'><img loading=\"lazy\" decoding=\"async\" width=\"150\" height=\"150\" src=\"https:\/\/casadoprojeto.com.br\/wp-content\/uploads\/2022\/10\/TERRAPLANAGEM_hipso-150x150.png\" class=\"attachment-thumbnail size-thumbnail\" alt=\"\" aria-describedby=\"gallery-1-473\" srcset=\"https:\/\/casadoprojeto.com.br\/wp-content\/uploads\/2022\/10\/TERRAPLANAGEM_hipso-150x150.png 150w, https:\/\/casadoprojeto.com.br\/wp-content\/uploads\/2022\/10\/TERRAPLANAGEM_hipso-140x140.png 140w\" sizes=\"(max-width: 150px) 100vw, 150px\" \/><\/a>\n\t\t\t<\/div>\n\t\t\t\t<figcaption class='wp-caption-text gallery-caption' id='gallery-1-473'>\n\t\t\t\tTERRAPLANAGEM \n\t\t\t\t<\/figcaption><\/figure><figure class='gallery-item'>\n\t\t\t<div class='gallery-icon landscape'>\n\t\t\t\t<a data-elementor-open-lightbox=\"yes\" data-elementor-lightbox-slideshow=\"37d2507\" data-elementor-lightbox-title=\"TERRAPLANAGEM\" data-e-action-hash=\"#elementor-action%3Aaction%3Dlightbox%26settings%3DeyJpZCI6NDc0LCJ1cmwiOiJodHRwczpcL1wvY2FzYWRvcHJvamV0by5jb20uYnJcL3dwLWNvbnRlbnRcL3VwbG9hZHNcLzIwMjJcLzEwXC9URVJSQVBMQU5BR0VNLnBuZyIsInNsaWRlc2hvdyI6IjM3ZDI1MDcifQ%3D%3D\" href='https:\/\/casadoprojeto.com.br\/wp-content\/uploads\/2022\/10\/TERRAPLANAGEM.png'><img loading=\"lazy\" decoding=\"async\" width=\"150\" height=\"150\" src=\"https:\/\/casadoprojeto.com.br\/wp-content\/uploads\/2022\/10\/TERRAPLANAGEM-150x150.png\" class=\"attachment-thumbnail size-thumbnail\" alt=\"\" aria-describedby=\"gallery-1-474\" srcset=\"https:\/\/casadoprojeto.com.br\/wp-content\/uploads\/2022\/10\/TERRAPLANAGEM-150x150.png 150w, https:\/\/casadoprojeto.com.br\/wp-content\/uploads\/2022\/10\/TERRAPLANAGEM-140x140.png 140w\" sizes=\"(max-width: 150px) 100vw, 150px\" \/><\/a>\n\t\t\t<\/div>\n\t\t\t\t<figcaption class='wp-caption-text gallery-caption' id='gallery-1-474'>\n\t\t\t\tTERRAPLANAGEM \n\t\t\t\t<\/figcaption><\/figure><figure class='gallery-item'>\n\t\t\t<div class='gallery-icon landscape'>\n\t\t\t\t<a data-elementor-open-lightbox=\"yes\" data-elementor-lightbox-slideshow=\"37d2507\" data-elementor-lightbox-title=\"TOP_JDS-LAGOA_AGO2018_rev002-FORMATO_A0\" data-e-action-hash=\"#elementor-action%3Aaction%3Dlightbox%26settings%3DeyJpZCI6NDYzLCJ1cmwiOiJodHRwczpcL1wvY2FzYWRvcHJvamV0by5jb20uYnJcL3dwLWNvbnRlbnRcL3VwbG9hZHNcLzIwMjJcLzEwXC9UT1BfSkRTLUxBR09BX0FHTzIwMThfcmV2MDAyLUZPUk1BVE9fQTAuanBnIiwic2xpZGVzaG93IjoiMzdkMjUwNyJ9\" href='https:\/\/casadoprojeto.com.br\/wp-content\/uploads\/2022\/10\/TOP_JDS-LAGOA_AGO2018_rev002-FORMATO_A0.jpg'><img loading=\"lazy\" decoding=\"async\" width=\"150\" height=\"106\" src=\"https:\/\/casadoprojeto.com.br\/wp-content\/uploads\/2022\/10\/TOP_JDS-LAGOA_AGO2018_rev002-FORMATO_A0.jpg\" class=\"attachment-thumbnail size-thumbnail\" alt=\"\" aria-describedby=\"gallery-1-463\" \/><\/a>\n\t\t\t<\/div>\n\t\t\t\t<figcaption class='wp-caption-text gallery-caption' id='gallery-1-463'>\n\t\t\t\tLEV. TOPOGR\u00c1FICO\n\t\t\t\t<\/figcaption><\/figure><figure class='gallery-item'>\n\t\t\t<div class='gallery-icon landscape'>\n\t\t\t\t<a data-elementor-open-lightbox=\"yes\" data-elementor-lightbox-slideshow=\"37d2507\" data-elementor-lightbox-title=\"TOP_RIO MAR KENNEDY_R00-01-02\" data-e-action-hash=\"#elementor-action%3Aaction%3Dlightbox%26settings%3DeyJpZCI6NDY2LCJ1cmwiOiJodHRwczpcL1wvY2FzYWRvcHJvamV0by5jb20uYnJcL3dwLWNvbnRlbnRcL3VwbG9hZHNcLzIwMjJcLzEwXC9UT1BfUklPLU1BUi1LRU5ORURZX1IwMC0wMS0wMi0xLXNjYWxlZC5qcGciLCJzbGlkZXNob3ciOiIzN2QyNTA3In0%3D\" href='https:\/\/casadoprojeto.com.br\/wp-content\/uploads\/2022\/10\/TOP_RIO-MAR-KENNEDY_R00-01-02-1-scaled.jpg'><img loading=\"lazy\" decoding=\"async\" width=\"150\" height=\"150\" src=\"https:\/\/casadoprojeto.com.br\/wp-content\/uploads\/2022\/10\/TOP_RIO-MAR-KENNEDY_R00-01-02-1-150x150.jpg\" class=\"attachment-thumbnail size-thumbnail\" alt=\"\" aria-describedby=\"gallery-1-466\" \/><\/a>\n\t\t\t<\/div>\n\t\t\t\t<figcaption class='wp-caption-text gallery-caption' id='gallery-1-466'>\n\t\t\t\tAEROFOTOGRAMETRIA\n\t\t\t\t<\/figcaption><\/figure><figure class='gallery-item'>\n\t\t\t<div class='gallery-icon landscape'>\n\t\t\t\t<a data-elementor-open-lightbox=\"yes\" data-elementor-lightbox-slideshow=\"37d2507\" data-elementor-lightbox-title=\"BARRAGEM\" data-e-action-hash=\"#elementor-action%3Aaction%3Dlightbox%26settings%3DeyJpZCI6NDY1LCJ1cmwiOiJodHRwczpcL1wvY2FzYWRvcHJvamV0by5jb20uYnJcL3dwLWNvbnRlbnRcL3VwbG9hZHNcLzIwMjJcLzEwXC9CQVJSQUdFTS5wbmciLCJzbGlkZXNob3ciOiIzN2QyNTA3In0%3D\" href='https:\/\/casadoprojeto.com.br\/wp-content\/uploads\/2022\/10\/BARRAGEM.png'><img loading=\"lazy\" decoding=\"async\" width=\"150\" height=\"150\" src=\"https:\/\/casadoprojeto.com.br\/wp-content\/uploads\/2022\/10\/BARRAGEM-150x150.png\" class=\"attachment-thumbnail size-thumbnail\" alt=\"\" aria-describedby=\"gallery-1-465\" srcset=\"https:\/\/casadoprojeto.com.br\/wp-content\/uploads\/2022\/10\/BARRAGEM-150x150.png 150w, https:\/\/casadoprojeto.com.br\/wp-content\/uploads\/2022\/10\/BARRAGEM-140x140.png 140w\" sizes=\"(max-width: 150px) 100vw, 150px\" \/><\/a>\n\t\t\t<\/div>\n\t\t\t\t<figcaption class='wp-caption-text gallery-caption' id='gallery-1-465'>\n\t\t\t\tPROJETO DE BARRAGEM\n\t\t\t\t<\/figcaption><\/figure><figure class='gallery-item'>\n\t\t\t<div class='gallery-icon landscape'>\n\t\t\t\t<a data-elementor-open-lightbox=\"yes\" data-elementor-lightbox-slideshow=\"37d2507\" data-elementor-lightbox-title=\"TOP_UFC_FEV2020_R01-FORMATO_A1\" data-e-action-hash=\"#elementor-action%3Aaction%3Dlightbox%26settings%3DeyJpZCI6NDYyLCJ1cmwiOiJodHRwczpcL1wvY2FzYWRvcHJvamV0by5jb20uYnJcL3dwLWNvbnRlbnRcL3VwbG9hZHNcLzIwMjJcLzEwXC9UT1BfVUZDX0ZFVjIwMjBfUjAxLUZPUk1BVE9fQTEtc2NhbGVkLmpwZyIsInNsaWRlc2hvdyI6IjM3ZDI1MDcifQ%3D%3D\" href='https:\/\/casadoprojeto.com.br\/wp-content\/uploads\/2022\/10\/TOP_UFC_FEV2020_R01-FORMATO_A1-scaled.jpg'><img loading=\"lazy\" decoding=\"async\" width=\"150\" height=\"150\" src=\"https:\/\/casadoprojeto.com.br\/wp-content\/uploads\/2022\/10\/TOP_UFC_FEV2020_R01-FORMATO_A1-150x150.jpg\" class=\"attachment-thumbnail size-thumbnail\" alt=\"\" aria-describedby=\"gallery-1-462\" \/><\/a>\n\t\t\t<\/div>\n\t\t\t\t<figcaption class='wp-caption-text gallery-caption' id='gallery-1-462'>\n\t\t\t\tLEV. TOPOGR\u00c1FICO\n\t\t\t\t<\/figcaption><\/figure><figure class='gallery-item'>\n\t\t\t<div class='gallery-icon landscape'>\n\t\t\t\t<a data-elementor-open-lightbox=\"yes\" data-elementor-lightbox-slideshow=\"37d2507\" data-elementor-lightbox-title=\"ACAD-TOP_FB-CRATO_MAR2020_R00-IMAGEM\" data-e-action-hash=\"#elementor-action%3Aaction%3Dlightbox%26settings%3DeyJpZCI6NDU5LCJ1cmwiOiJodHRwczpcL1wvY2FzYWRvcHJvamV0by5jb20uYnJcL3dwLWNvbnRlbnRcL3VwbG9hZHNcLzIwMjJcLzEwXC9BQ0FELVRPUF9GQi1DUkFUT19NQVIyMDIwX1IwMC1JTUFHRU0uanBnIiwic2xpZGVzaG93IjoiMzdkMjUwNyJ9\" href='https:\/\/casadoprojeto.com.br\/wp-content\/uploads\/2022\/10\/ACAD-TOP_FB-CRATO_MAR2020_R00-IMAGEM.jpg'><img loading=\"lazy\" decoding=\"async\" width=\"150\" height=\"106\" src=\"https:\/\/casadoprojeto.com.br\/wp-content\/uploads\/2022\/10\/ACAD-TOP_FB-CRATO_MAR2020_R00-IMAGEM.jpg\" class=\"attachment-thumbnail size-thumbnail\" alt=\"\" aria-describedby=\"gallery-1-459\" \/><\/a>\n\t\t\t<\/div>\n\t\t\t\t<figcaption class='wp-caption-text gallery-caption' id='gallery-1-459'>\n\t\t\t\tLEV. TOPOGR\u00c1FICO\n\t\t\t\t<\/figcaption><\/figure><figure class='gallery-item'>\n\t\t\t<div class='gallery-icon landscape'>\n\t\t\t\t<a data-elementor-open-lightbox=\"yes\" data-elementor-lightbox-slideshow=\"37d2507\" data-elementor-lightbox-title=\"TOP_CORPVS_GUARIBA-A3-IMG\" data-e-action-hash=\"#elementor-action%3Aaction%3Dlightbox%26settings%3DeyJpZCI6NDYwLCJ1cmwiOiJodHRwczpcL1wvY2FzYWRvcHJvamV0by5jb20uYnJcL3dwLWNvbnRlbnRcL3VwbG9hZHNcLzIwMjJcLzEwXC9UT1BfQ09SUFZTX0dVQVJJQkEtQTMtSU1HLXNjYWxlZC5qcGciLCJzbGlkZXNob3ciOiIzN2QyNTA3In0%3D\" href='https:\/\/casadoprojeto.com.br\/wp-content\/uploads\/2022\/10\/TOP_CORPVS_GUARIBA-A3-IMG-scaled.jpg'><img loading=\"lazy\" decoding=\"async\" width=\"150\" height=\"150\" src=\"https:\/\/casadoprojeto.com.br\/wp-content\/uploads\/2022\/10\/TOP_CORPVS_GUARIBA-A3-IMG-150x150.jpg\" class=\"attachment-thumbnail size-thumbnail\" alt=\"\" aria-describedby=\"gallery-1-460\" \/><\/a>\n\t\t\t<\/div>\n\t\t\t\t<figcaption class='wp-caption-text gallery-caption' id='gallery-1-460'>\n\t\t\t\tREG FUNDI\u00c1RIA\n\t\t\t\t<\/figcaption><\/figure><figure class='gallery-item'>\n\t\t\t<div class='gallery-icon landscape'>\n\t\t\t\t<a data-elementor-open-lightbox=\"yes\" data-elementor-lightbox-slideshow=\"37d2507\" data-elementor-lightbox-title=\"SRTM_MAP\" data-e-action-hash=\"#elementor-action%3Aaction%3Dlightbox%26settings%3DeyJpZCI6NDgxLCJ1cmwiOiJodHRwczpcL1wvY2FzYWRvcHJvamV0by5jb20uYnJcL3dwLWNvbnRlbnRcL3VwbG9hZHNcLzIwMjJcLzEwXC9TUlRNX01BUC5wbmciLCJzbGlkZXNob3ciOiIzN2QyNTA3In0%3D\" href='https:\/\/casadoprojeto.com.br\/wp-content\/uploads\/2022\/10\/SRTM_MAP.png'><img loading=\"lazy\" decoding=\"async\" width=\"150\" height=\"150\" src=\"https:\/\/casadoprojeto.com.br\/wp-content\/uploads\/2022\/10\/SRTM_MAP-150x150.png\" class=\"attachment-thumbnail size-thumbnail\" alt=\"\" aria-describedby=\"gallery-1-481\" srcset=\"https:\/\/casadoprojeto.com.br\/wp-content\/uploads\/2022\/10\/SRTM_MAP-150x150.png 150w, https:\/\/casadoprojeto.com.br\/wp-content\/uploads\/2022\/10\/SRTM_MAP-140x140.png 140w\" sizes=\"(max-width: 150px) 100vw, 150px\" \/><\/a>\n\t\t\t<\/div>\n\t\t\t\t<figcaption class='wp-caption-text gallery-caption' id='gallery-1-481'>\n\t\t\t\tGEOPROCESSAMENTO\n\t\t\t\t<\/figcaption><\/figure><figure class='gallery-item'>\n\t\t\t<div class='gallery-icon landscape'>\n\t\t\t\t<a data-elementor-open-lightbox=\"yes\" data-elementor-lightbox-slideshow=\"37d2507\" data-elementor-lightbox-title=\"RUA MONTE CLARO_R01-FORMATO_A3_COMP\" data-e-action-hash=\"#elementor-action%3Aaction%3Dlightbox%26settings%3DeyJpZCI6NDgyLCJ1cmwiOiJodHRwczpcL1wvY2FzYWRvcHJvamV0by5jb20uYnJcL3dwLWNvbnRlbnRcL3VwbG9hZHNcLzIwMjJcLzEwXC9SVUEtTU9OVEUtQ0xBUk9fUjAxLUZPUk1BVE9fQTNfQ09NUC1zY2FsZWQuanBnIiwic2xpZGVzaG93IjoiMzdkMjUwNyJ9\" href='https:\/\/casadoprojeto.com.br\/wp-content\/uploads\/2022\/10\/RUA-MONTE-CLARO_R01-FORMATO_A3_COMP-scaled.jpg'><img loading=\"lazy\" decoding=\"async\" width=\"150\" height=\"150\" src=\"https:\/\/casadoprojeto.com.br\/wp-content\/uploads\/2022\/10\/RUA-MONTE-CLARO_R01-FORMATO_A3_COMP-150x150.jpg\" class=\"attachment-thumbnail size-thumbnail\" alt=\"\" aria-describedby=\"gallery-1-482\" srcset=\"https:\/\/casadoprojeto.com.br\/wp-content\/uploads\/2022\/10\/RUA-MONTE-CLARO_R01-FORMATO_A3_COMP-150x150.jpg 150w, https:\/\/casadoprojeto.com.br\/wp-content\/uploads\/2022\/10\/RUA-MONTE-CLARO_R01-FORMATO_A3_COMP-140x140.jpg 140w\" sizes=\"(max-width: 150px) 100vw, 150px\" \/><\/a>\n\t\t\t<\/div>\n\t\t\t\t<figcaption class='wp-caption-text gallery-caption' id='gallery-1-482'>\n\t\t\t\tUSUCAPI\u00c3O\n\t\t\t\t<\/figcaption><\/figure>\n\t\t<\/div>\n\t\t<\/div>\n\t\t\t\t\t\t<\/div>\n\t\t\t\t<\/div>\n\t\t\t\t\t<\/div>\n\t\t<\/div>\n\t\t\t\t\t<\/div>\n\t\t<\/section>\n\t\t\t\t<\/div>\n\t\t","protected":false},"excerpt":{"rendered":"<p>LEV. TOPOGR\u00c1FICO PROJETO HIDROSANIT\u00c1RIO PROJETO DE ABASTECIMENTO DE \u00c1GUA ACOMPANHAMENTO DE OBRAS AEROFOTOGRAMETRIA PROJETO EL\u00c9TRICO TERRAPLANAGEM TERRAPLANAGEM LEV. TOPOGR\u00c1FICO AEROFOTOGRAMETRIA PROJETO DE BARRAGEM LEV. TOPOGR\u00c1FICO LEV. TOPOGR\u00c1FICO REG FUNDI\u00c1RIA GEOPROCESSAMENTO USUCAPI\u00c3O<\/p>\n","protected":false},"author":1,"featured_media":0,"parent":0,"menu_order":0,"comment_status":"closed","ping_status":"closed","template":"","meta":{"om_disable_all_campaigns":false,"_monsterinsights_skip_tracking":false,"_monsterinsights_sitenote_active":false,"_monsterinsights_sitenote_note":"","_monsterinsights_sitenote_category":0,"footnotes":""},"class_list":["post-449","page","type-page","status-publish","hentry"],"aioseo_notices":[],"_links":{"self":[{"href":"https:\/\/casadoprojeto.com.br\/index.php?rest_route=\/wp\/v2\/pages\/449","targetHints":{"allow":["GET"]}}],"collection":[{"href":"https:\/\/casadoprojeto.com.br\/index.php?rest_route=\/wp\/v2\/pages"}],"about":[{"href":"https:\/\/casadoprojeto.com.br\/index.php?rest_route=\/wp\/v2\/types\/page"}],"author":[{"embeddable":true,"href":"https:\/\/casadoprojeto.com.br\/index.php?rest_route=\/wp\/v2\/users\/1"}],"replies":[{"embeddable":true,"href":"https:\/\/casadoprojeto.com.br\/index.php?rest_route=%2Fwp%2Fv2%2Fcomments&post=449"}],"version-history":[{"count":23,"href":"https:\/\/casadoprojeto.com.br\/index.php?rest_route=\/wp\/v2\/pages\/449\/revisions"}],"predecessor-version":[{"id":708,"href":"https:\/\/casadoprojeto.com.br\/index.php?rest_route=\/wp\/v2\/pages\/449\/revisions\/708"}],"wp:attachment":[{"href":"https:\/\/casadoprojeto.com.br\/index.php?rest_route=%2Fwp%2Fv2%2Fmedia&parent=449"}],"curies":[{"name":"wp","href":"https:\/\/api.w.org\/{rel}","templated":true}]}}