{"id":393,"date":"2022-10-22T14:57:56","date_gmt":"2022-10-22T17:57:56","guid":{"rendered":"https:\/\/casadoprojeto.com.br\/?page_id=393"},"modified":"2023-10-28T12:02:19","modified_gmt":"2023-10-28T15:02:19","slug":"projetos","status":"publish","type":"page","link":"https:\/\/casadoprojeto.com.br\/?page_id=393","title":{"rendered":"Projetos"},"content":{"rendered":"\t\t<div data-elementor-type=\"wp-page\" data-elementor-id=\"393\" class=\"elementor elementor-393\">\n\t\t\t\t\t\t<section class=\"elementor-section elementor-top-section elementor-element elementor-element-0e8cfd7 elementor-section-boxed elementor-section-height-default elementor-section-height-default\" data-id=\"0e8cfd7\" data-element_type=\"section\" data-e-type=\"section\">\n\t\t\t\t\t\t<div class=\"elementor-container elementor-column-gap-default\">\n\t\t\t\t\t<div class=\"elementor-column elementor-col-100 elementor-top-column elementor-element elementor-element-4e09f5d\" data-id=\"4e09f5d\" data-element_type=\"column\" data-e-type=\"column\">\n\t\t\t<div class=\"elementor-widget-wrap elementor-element-populated\">\n\t\t\t\t\t\t<div class=\"elementor-element elementor-element-74acdcb elementor-widget elementor-widget-text-editor\" data-id=\"74acdcb\" data-element_type=\"widget\" data-e-type=\"widget\" data-widget_type=\"text-editor.default\">\n\t\t\t\t<div class=\"elementor-widget-container\">\n\t\t\t\t\t\t\t\t\t<p>Nossa equipe de profissionais est\u00e1 habilitada a elaborar os mais diversos tipos de projetos de engenharia. Atuamos nas seguintes disciplinas:<\/p><ul><li>Instala\u00e7\u00f5es Hidr\u00e1ulicas, Sanit\u00e1rias e El\u00e9tricas;<\/li><li>Estruturais;<\/li><li>Parcelamento do Solo (Loteamentos);<\/li><li>Pavimenta\u00e7\u00e3o, Drenagem, Abastecimento de \u00c1gua, Coleta e Tratamento de Esgotos;\u00a0<\/li><li>Terraplanagem.<br \/><br \/><\/li><\/ul>\t\t\t\t\t\t\t\t<\/div>\n\t\t\t\t<\/div>\n\t\t\t\t\t<\/div>\n\t\t<\/div>\n\t\t\t\t\t<\/div>\n\t\t<\/section>\n\t\t\t\t<section class=\"elementor-section elementor-top-section elementor-element elementor-element-7119ce2 elementor-section-boxed elementor-section-height-default elementor-section-height-default\" data-id=\"7119ce2\" data-element_type=\"section\" data-e-type=\"section\">\n\t\t\t\t\t\t<div class=\"elementor-container elementor-column-gap-default\">\n\t\t\t\t\t<div class=\"elementor-column elementor-col-100 elementor-top-column elementor-element elementor-element-7664cc9\" data-id=\"7664cc9\" data-element_type=\"column\" data-e-type=\"column\">\n\t\t\t<div class=\"elementor-widget-wrap elementor-element-populated\">\n\t\t\t\t\t\t<div class=\"elementor-element elementor-element-d32c09a elementor-widget elementor-widget-text-editor\" data-id=\"d32c09a\" data-element_type=\"widget\" data-e-type=\"widget\" data-widget_type=\"text-editor.default\">\n\t\t\t\t<div class=\"elementor-widget-container\">\n\t\t\t\t\t\t\t\t\t<p>Na vanguarda da engenharia moderna, a utiliza\u00e7\u00e3o da Modelagem da Informa\u00e7\u00e3o da Constru\u00e7\u00e3o (BIM) revolucionou a forma como projetos s\u00e3o concebidos, planejados e executados. No nosso servi\u00e7o de elabora\u00e7\u00e3o de projetos de engenharia com BIM, oferecemos uma abordagem inovadora e eficiente para atender \u00e0s necessidades dos nossos clientes.<\/p><p>O que \u00e9 o BIM? O BIM \u00e9 mais do que uma ferramenta ou tecnologia; \u00e9 uma metodologia abrangente que integra informa\u00e7\u00f5es, processos e colabora\u00e7\u00e3o. Com o BIM, voc\u00ea pode visualizar seu projeto em 3D, acessar informa\u00e7\u00f5es detalhadas, simular cen\u00e1rios e otimizar o desempenho em todas as etapas do ciclo de vida da constru\u00e7\u00e3o.<\/p><p>Nossos Servi\u00e7os de Elabora\u00e7\u00e3o de Projetos com BIM:<\/p><ol><li>Modelagem BIM 3D: Transformamos suas ideias em modelos digitais precisos e tridimensionais, permitindo uma visualiza\u00e7\u00e3o completa do projeto.<\/li><li>Coordena\u00e7\u00e3o Colaborativa: Facilitamos a comunica\u00e7\u00e3o entre as diversas disciplinas envolvidas, reduzindo conflitos e otimizando o processo.<\/li><li>An\u00e1lises Avan\u00e7adas: Utilizamos ferramentas BIM para realizar an\u00e1lises de desempenho energ\u00e9tico, estrutural e de custos, garantindo um projeto mais eficiente e econ\u00f4mico.<\/li><li>Documenta\u00e7\u00e3o Precisa: Geramos automaticamente desenhos e documenta\u00e7\u00e3o detalhada, economizando tempo e reduzindo erros.<\/li><li>Manuten\u00e7\u00e3o e Gerenciamento de Ativos: Com BIM, seu projeto \u00e9 valioso mesmo ap\u00f3s a constru\u00e7\u00e3o, facilitando a gest\u00e3o e manuten\u00e7\u00e3o de ativos.<\/li><\/ol><p>Benef\u00edcios do BIM:<\/p><ul><li>Redu\u00e7\u00e3o de erros e retrabalho.<\/li><li>Maior efici\u00eancia no processo de constru\u00e7\u00e3o.<\/li><li>Economia de custos.<\/li><li>Tomada de decis\u00f5es mais informadas.<\/li><li>Projetos sustent\u00e1veis e energeticamente eficientes.<\/li><\/ul><p>Na nossa equipe, temos especialistas em BIM comprometidos em criar solu\u00e7\u00f5es personalizadas para atender \u00e0s suas necessidades espec\u00edficas. Seja para um projeto residencial, comercial, industrial ou infraestrutural, confie em nossos servi\u00e7os de elabora\u00e7\u00e3o de projetos de engenharia com BIM para levar seu projeto ao pr\u00f3ximo n\u00edvel. Entre em contato conosco e descubra como o BIM pode transformar sua vis\u00e3o em realidade.<\/p>\t\t\t\t\t\t\t\t<\/div>\n\t\t\t\t<\/div>\n\t\t\t\t\t<\/div>\n\t\t<\/div>\n\t\t\t\t\t<\/div>\n\t\t<\/section>\n\t\t\t\t<\/div>\n\t\t","protected":false},"excerpt":{"rendered":"<p>Nossa equipe de profissionais est\u00e1 habilitada a elaborar os mais diversos tipos de projetos de engenharia. Atuamos nas seguintes disciplinas: Instala\u00e7\u00f5es Hidr\u00e1ulicas, Sanit\u00e1rias e El\u00e9tricas; Estruturais; Parcelamento do Solo (Loteamentos); Pavimenta\u00e7\u00e3o, Drenagem, Abastecimento de \u00c1gua, Coleta e Tratamento de Esgotos;\u00a0 Terraplanagem. Na vanguarda da engenharia moderna, a utiliza\u00e7\u00e3o da Modelagem<\/p>\n","protected":false},"author":1,"featured_media":0,"parent":0,"menu_order":0,"comment_status":"closed","ping_status":"closed","template":"","meta":{"om_disable_all_campaigns":false,"_monsterinsights_skip_tracking":false,"_monsterinsights_sitenote_active":false,"_monsterinsights_sitenote_note":"","_monsterinsights_sitenote_category":0,"footnotes":""},"class_list":["post-393","page","type-page","status-publish","hentry"],"aioseo_notices":[],"_links":{"self":[{"href":"https:\/\/casadoprojeto.com.br\/index.php?rest_route=\/wp\/v2\/pages\/393","targetHints":{"allow":["GET"]}}],"collection":[{"href":"https:\/\/casadoprojeto.com.br\/index.php?rest_route=\/wp\/v2\/pages"}],"about":[{"href":"https:\/\/casadoprojeto.com.br\/index.php?rest_route=\/wp\/v2\/types\/page"}],"author":[{"embeddable":true,"href":"https:\/\/casadoprojeto.com.br\/index.php?rest_route=\/wp\/v2\/users\/1"}],"replies":[{"embeddable":true,"href":"https:\/\/casadoprojeto.com.br\/index.php?rest_route=%2Fwp%2Fv2%2Fcomments&post=393"}],"version-history":[{"count":10,"href":"https:\/\/casadoprojeto.com.br\/index.php?rest_route=\/wp\/v2\/pages\/393\/revisions"}],"predecessor-version":[{"id":901,"href":"https:\/\/casadoprojeto.com.br\/index.php?rest_route=\/wp\/v2\/pages\/393\/revisions\/901"}],"wp:attachment":[{"href":"https:\/\/casadoprojeto.com.br\/index.php?rest_route=%2Fwp%2Fv2%2Fmedia&parent=393"}],"curies":[{"name":"wp","href":"https:\/\/api.w.org\/{rel}","templated":true}]}}