{"id":392,"date":"2022-10-22T14:57:56","date_gmt":"2022-10-22T17:57:56","guid":{"rendered":"https:\/\/casadoprojeto.com.br\/?page_id=392"},"modified":"2023-10-17T12:02:51","modified_gmt":"2023-10-17T15:02:51","slug":"meio-ambiente","status":"publish","type":"page","link":"https:\/\/casadoprojeto.com.br\/?page_id=392","title":{"rendered":"Meio Ambiente"},"content":{"rendered":"\t\t<div data-elementor-type=\"wp-page\" data-elementor-id=\"392\" class=\"elementor elementor-392\">\n\t\t\t\t\t\t<section class=\"elementor-section elementor-top-section elementor-element elementor-element-d03ae64 elementor-section-boxed elementor-section-height-default elementor-section-height-default\" data-id=\"d03ae64\" data-element_type=\"section\" data-e-type=\"section\">\n\t\t\t\t\t\t<div class=\"elementor-container elementor-column-gap-default\">\n\t\t\t\t\t<div class=\"elementor-column elementor-col-100 elementor-top-column elementor-element elementor-element-3dafd3f\" data-id=\"3dafd3f\" data-element_type=\"column\" data-e-type=\"column\">\n\t\t\t<div class=\"elementor-widget-wrap elementor-element-populated\">\n\t\t\t\t\t\t<div class=\"elementor-element elementor-element-dfe5eb8 elementor-widget elementor-widget-text-editor\" data-id=\"dfe5eb8\" data-element_type=\"widget\" data-e-type=\"widget\" data-widget_type=\"text-editor.default\">\n\t\t\t\t<div class=\"elementor-widget-container\">\n\t\t\t\t\t\t\t\t\t<ul><li><strong>Elabora\u00e7\u00e3o de PGRS\/PGRSS\/PGRCC<\/strong><\/li><li><strong>Licenciamento ambiental <\/strong><\/li><li><strong>Consultoria Ambiental<\/strong><\/li><li><strong>Plano de Recupera\u00e7\u00e3o de \u00c1reas Degradadas (PRAD);<\/strong><\/li><li><strong>Estudo de Impacto Ambiental (EIA) e Relat\u00f3rio de Impacto de Meio Ambiental (RIMA);<\/strong><\/li><li><strong>Estudo de Viabilidade Ambiental (EVA);<\/strong><\/li><li><strong>Estudo de Impacto de Vizinhan\u00e7a (EIV);<\/strong><\/li><li><strong>Cadastro Ambiental Rural (CAR);<\/strong><\/li><li><strong>Assist\u00eancia t\u00e9cnica para Per\u00edcia Ambiental.<\/strong><\/li><\/ul>\t\t\t\t\t\t\t\t<\/div>\n\t\t\t\t<\/div>\n\t\t\t\t\t<\/div>\n\t\t<\/div>\n\t\t\t\t\t<\/div>\n\t\t<\/section>\n\t\t\t\t<section class=\"elementor-section elementor-top-section elementor-element elementor-element-1e9d879 elementor-section-boxed elementor-section-height-default elementor-section-height-default\" data-id=\"1e9d879\" data-element_type=\"section\" data-e-type=\"section\">\n\t\t\t\t\t\t<div class=\"elementor-container elementor-column-gap-default\">\n\t\t\t\t\t<div class=\"elementor-column elementor-col-100 elementor-top-column elementor-element elementor-element-c7f59bd\" data-id=\"c7f59bd\" data-element_type=\"column\" data-e-type=\"column\">\n\t\t\t<div class=\"elementor-widget-wrap elementor-element-populated\">\n\t\t\t\t\t\t<div class=\"elementor-element elementor-element-21868b8 elementor-widget elementor-widget-text-editor\" data-id=\"21868b8\" data-element_type=\"widget\" data-e-type=\"widget\" data-widget_type=\"text-editor.default\">\n\t\t\t\t<div class=\"elementor-widget-container\">\n\t\t\t\t\t\t\t\t\t<p><strong>Elabora\u00e7\u00e3o de PGRS\/PGRSS\/PGRCC<\/strong><\/p><p>O PGRS \u00e9 um documento que indica as tipologias e quantidades de res\u00edduos s\u00f3lidos gerados em um empreendimento, bem como as formas adequadas de manejo e por sua vez as etapas de gera\u00e7\u00e3o, acondicionamento, transporte e destina\u00e7\u00e3o final dos res\u00edduos.<\/p><p>Garantindo ao gerador aumento da efici\u00eancia e controle interno com defini\u00e7\u00f5es de tudo que \u00e9 rejeitado e o que pode ser reaproveitado. Est\u00e3o sujeitos \u00e0 elabora\u00e7\u00e3o do PGRS:\u2800\u2800\u2800<\/p><ul><li><p>Geradores de res\u00edduos dos servi\u00e7os p\u00fablicos de saneamento b\u00e1sico;<\/p><\/li><li><p>Geradores de res\u00edduos industriais;<\/p><\/li><li><p>Geradores de res\u00edduos de minera\u00e7\u00e3o;<\/p><\/li><li><p>Geradores de res\u00edduos classificados como perigosos;<\/p><\/li><li><p>Estabelecimentos comerciais e de presta\u00e7\u00e3o de servi\u00e7os que gerem res\u00edduos perigosos;<\/p><\/li><li><p>Estabelecimentos comerciais e de presta\u00e7\u00e3o de servi\u00e7os que gerem res\u00edduos n\u00e3o perigosos por sua natureza, composi\u00e7\u00e3o e volume e que n\u00e3o sejam equiparados aos res\u00edduos domiciliares pelo poder p\u00fablico municipal;<\/p><\/li><li><p>Geradores de res\u00edduos provenientes de atividades agrossilvopastoris, se exigido pelo \u00f3rg\u00e3o ambiental ou Sistema Nacional de Vigil\u00e2ncia Sanit\u00e1ria.<\/p><p>\u2800\u2800\u2800\u2800\u2800\u2800\u2800\u2800\u2800<\/p><\/li><\/ul><p>O PGRSS &#8211; Plano de Gerenciamento de Res\u00edduos de Servi\u00e7os de Sa\u00fade tem o objetivo de minimizar a produ\u00e7\u00e3o de res\u00edduos e proporcionar aos res\u00edduos gerados um encaminhamento seguro, de forma eficiente, visando \u00e0 prote\u00e7\u00e3o dos trabalhadores, a preserva\u00e7\u00e3o da sa\u00fade p\u00fablica, dos recursos naturais e do meio ambiente. Est\u00e3o sujeitos \u00e0 elabora\u00e7\u00e3o do PGRSS:<\/p><ul><li><p>Hospitais;<\/p><\/li><li><p>Consult\u00f3rios m\u00e9dicos e odontol\u00f3gicos;<\/p><\/li><li><p>Clinicas dermatol\u00f3gicas<\/p><\/li><\/ul><p>\u00a0O PGRCC \u2013 Plano de Gerenciamento de Res\u00edduos da Constru\u00e7\u00e3o Civil\u00a0\u00a0 identifica a quantidade de gera\u00e7\u00e3o de cada res\u00edduo oriundo de reformas, reparos, constru\u00e7\u00f5es e demoli\u00e7\u00f5es de obras civil e da prepara\u00e7\u00e3o e escava\u00e7\u00e3o de terrenos. Est\u00e3o sujeitos \u00e0 elabora\u00e7\u00e3o do PGRCC:<\/p><ul><li><p>Geradores de res\u00edduos de constru\u00e7\u00e3o civil;<\/p><\/li><\/ul><p><strong>Licenciamento ambiental <\/strong><\/p><p>O licenciamento consiste num processo administrativo atrav\u00e9s o qual o \u00f3rg\u00e3o ambiental\u00a0 estadual e tamb\u00e9m do Instituto Brasileiro do Meio Ambiente e dos Recursos Naturais Renov\u00e1veis ( no caso de grandes projetos), estabelecem as condi\u00e7\u00f5es e restri\u00e7\u00f5es e medidas necess\u00e1rias a localiza\u00e7\u00e3o, instala\u00e7\u00e3o e opera\u00e7\u00e3o de empreendimentos que desenvolvam atividades efetivas ou potencialmente poluidoras\u00a0 ou que possam causar impactos\u00a0 no meio ambiente .<\/p><p>\u00a0O processo de licenciamento ambiental regular \u00e9 composto por tr\u00eas tipos de licen\u00e7as, as quais s\u00e3o exigidas em uma etapa espec\u00edfica do licenciamento. Deste modo, temos: Licen\u00e7a Pr\u00e9via (LP); Licen\u00e7a de Instala\u00e7\u00e3o (LI); Licen\u00e7a de Opera\u00e7\u00e3o (LO).<br \/>Principais atividades que necessitam de licenciamento ambiental:<\/p><ul><li><p>Atividades ligadas \u00e0 agricultura;<\/p><\/li><li><p>Minera\u00e7\u00e3o;<\/p><\/li><li><p>Ind\u00fastrias;<\/p><\/li><li><p>Transportes;<\/p><\/li><li><p>Empreendimentos tur\u00edsticos ou de lazer;<\/p><\/li><li><p>Servi\u00e7os em geral;<\/p><\/li><li><p>Constru\u00e7\u00e3o civil;<\/p><\/li><li><p>Biotecnologia;<\/p><\/li><\/ul><p><strong>Consultoria Ambiental<\/strong><\/p><p>Atualmente a adequa\u00e7\u00e3o a legisla\u00e7\u00e3o ambiental vigente \u00e9 um desafio para os empreendedores, ao contratar uma consultoria ambiental o empreendedor ser\u00e1 orientado de maneira correta nas tomadas de decis\u00f5es, economizando dinheiro, ganhando tempo e minimizando riscos de acidentes ambientais. Facilitando acesso ao cr\u00e9dito por institui\u00e7\u00f5es financeiras bem como reconhecimento no mercado.<\/p><p><strong>Plano de Recupera\u00e7\u00e3o de \u00c1reas Degradadas (PRAD)<\/strong><\/p><p>PRAD tem como objetivo orientar a execu\u00e7\u00e3o e o acompanhamento ou monitoramento da recupera\u00e7\u00e3o ambiental de uma determinada \u00e1rea degradada. De acordo com a \u00e1rea degradada h\u00e1 a possibilidade da ado\u00e7\u00e3o de propostas ou destinos de recupera\u00e7\u00e3o diversos, como:<\/p><ul><li><p>Restaura\u00e7\u00e3o stricto senso;<\/p><\/li><li><p>Restaura\u00e7\u00e3o lato senso;<\/p><\/li><li><p>Reabilita\u00e7\u00e3o;<\/p><\/li><li><p>Redefini\u00e7\u00e3o ou redestina\u00e7\u00e3o:<\/p><\/li><\/ul><p><strong>Estudo de Impacto Ambiental (EIA) e Relat\u00f3rio de Impacto de Meio Ambiental (RIMA)<\/strong><\/p><p>Ambos s\u00e3o documentos t\u00e9cnicos multidisciplinares com objetivo de realizar avalia\u00e7\u00e3o ampla e completa dos impactos ambientais significativos e indicar as medidas mitigadoras correspondentes que minimizem ou eliminem os impactos nocivos ao meio ambiente. Tendo como base:<\/p><ol><li><p>Descrever a implementa\u00e7\u00e3o do empreendimento e suas altera\u00e7\u00f5es ambientais;<\/p><\/li><li><p>Diagnosticar as condi\u00e7\u00f5es ambientais e sociais que poder\u00e3o ser modificadas;<\/p><\/li><\/ol><ul><li><p>Avaliar poss\u00edveis impactos danos ambientais devido projeto e<\/p><\/li><\/ul><ol><li><p>Propor mediadas mitigadoras e compensat\u00f3rias para esses impactos.<\/p><\/li><\/ol><p><strong>Estudo de Viabilidade Ambiental (EVA)<\/strong><\/p><p>No momento de aquisi\u00e7\u00e3o de uma \u00e1rea para um empreendimento, muitas s\u00e3o as condicionantes que podem inviabilizar seu neg\u00f3cio. Cobertura vegetal, recursos h\u00eddricos, relevo e zoneamento. O EVA, apresentar\u00e1 todas essas informa\u00e7\u00f5es propiciando seguran\u00e7a nas tomadas de decis\u00f5es.<\/p><p><strong>Estudo de Impacto de Vizinhan\u00e7a (EIV)<\/strong><\/p><p>Para toda a implementa\u00e7\u00e3o de um empreendimento no meio urbano, devesse mapear seus impactos ambientais e sociais: aumento de tr\u00e2nsito, vias de transporte, sa\u00fade, escola entre outros aspectos. O EIV, visa permitir analisas a diferen\u00e7as entre as condi\u00e7\u00f5es atuais sem o empreendimento com as futuras com o empreendimento e garantir a qualidade de vida da popula\u00e7\u00e3o vizinha.<\/p><p><strong style=\"font-family: Barlow; font-size: 1.375em;\">Cadastro Ambiental Rural (CAR)<\/strong><\/p><p>O possuidor rural levar\u00e1 ao cadastro ambiental rural todas as informa\u00e7\u00f5es sobre sua propriedade ou posse rural, que posteriormente ser\u00e3o analisadas pelo \u00f3rg\u00e3o ambiental competente. \u00a0A inscri\u00e7\u00e3o no CAR possibilita o planejamento ambiental e econ\u00f4mico do uso e ocupa\u00e7\u00e3o do im\u00f3vel rural, sendo o primeiro passo para obten\u00e7\u00e3o da regularidade ambiental, cr\u00e9ditos agr\u00edcola e linhas de financiamentos.<\/p><p><strong>Assist\u00eancia t\u00e9cnica para Per\u00edcia Ambiental<\/strong><\/p><p>Indicado pelas partes, elabora parecer t\u00e9cnicos e quesitos para o perito ambiental responder.\u00a0 \u00c9 de grande import\u00e2ncia, pois mostra diferentes interpreta\u00e7\u00f5es da mat\u00e9ria f\u00e1tica sob estudo, voltados para as alternativas que melhor esclare\u00e7am a mat\u00e9ria de fato sob o ponto de vista da parte que o contratou.<\/p>\t\t\t\t\t\t\t\t<\/div>\n\t\t\t\t<\/div>\n\t\t\t\t\t<\/div>\n\t\t<\/div>\n\t\t\t\t\t<\/div>\n\t\t<\/section>\n\t\t\t\t<\/div>\n\t\t","protected":false},"excerpt":{"rendered":"<p>Elabora\u00e7\u00e3o de PGRS\/PGRSS\/PGRCC Licenciamento ambiental Consultoria Ambiental Plano de Recupera\u00e7\u00e3o de \u00c1reas Degradadas (PRAD); Estudo de Impacto Ambiental (EIA) e Relat\u00f3rio de Impacto de Meio Ambiental (RIMA); Estudo de Viabilidade Ambiental (EVA); Estudo de Impacto de Vizinhan\u00e7a (EIV); Cadastro Ambiental Rural (CAR); Assist\u00eancia t\u00e9cnica para Per\u00edcia Ambiental. Elabora\u00e7\u00e3o de PGRS\/PGRSS\/PGRCC<\/p>\n","protected":false},"author":1,"featured_media":0,"parent":0,"menu_order":0,"comment_status":"closed","ping_status":"closed","template":"","meta":{"om_disable_all_campaigns":false,"_monsterinsights_skip_tracking":false,"_monsterinsights_sitenote_active":false,"_monsterinsights_sitenote_note":"","_monsterinsights_sitenote_category":0,"footnotes":""},"class_list":["post-392","page","type-page","status-publish","hentry"],"aioseo_notices":[],"_links":{"self":[{"href":"https:\/\/casadoprojeto.com.br\/index.php?rest_route=\/wp\/v2\/pages\/392","targetHints":{"allow":["GET"]}}],"collection":[{"href":"https:\/\/casadoprojeto.com.br\/index.php?rest_route=\/wp\/v2\/pages"}],"about":[{"href":"https:\/\/casadoprojeto.com.br\/index.php?rest_route=\/wp\/v2\/types\/page"}],"author":[{"embeddable":true,"href":"https:\/\/casadoprojeto.com.br\/index.php?rest_route=\/wp\/v2\/users\/1"}],"replies":[{"embeddable":true,"href":"https:\/\/casadoprojeto.com.br\/index.php?rest_route=%2Fwp%2Fv2%2Fcomments&post=392"}],"version-history":[{"count":7,"href":"https:\/\/casadoprojeto.com.br\/index.php?rest_route=\/wp\/v2\/pages\/392\/revisions"}],"predecessor-version":[{"id":753,"href":"https:\/\/casadoprojeto.com.br\/index.php?rest_route=\/wp\/v2\/pages\/392\/revisions\/753"}],"wp:attachment":[{"href":"https:\/\/casadoprojeto.com.br\/index.php?rest_route=%2Fwp%2Fv2%2Fmedia&parent=392"}],"curies":[{"name":"wp","href":"https:\/\/api.w.org\/{rel}","templated":true}]}}