{"id":31,"date":"2020-04-13T11:18:52","date_gmt":"2020-04-13T11:18:52","guid":{"rendered":"http:\/\/casadoprojeto.com.br\/?page_id=31"},"modified":"2023-10-28T17:53:04","modified_gmt":"2023-10-28T20:53:04","slug":"about","status":"publish","type":"page","link":"https:\/\/casadoprojeto.com.br\/?page_id=31","title":{"rendered":"Sobre"},"content":{"rendered":"\t\t<div data-elementor-type=\"wp-page\" data-elementor-id=\"31\" class=\"elementor elementor-31\">\n\t\t\t\t\t\t<section class=\"elementor-section elementor-top-section elementor-element elementor-element-5131a13e elementor-section-boxed elementor-section-height-default elementor-section-height-default\" data-id=\"5131a13e\" data-element_type=\"section\" data-e-type=\"section\" data-settings=\"{&quot;background_background&quot;:&quot;classic&quot;}\">\n\t\t\t\t\t\t\t<div class=\"elementor-background-overlay\"><\/div>\n\t\t\t\t\t\t\t<div class=\"elementor-container elementor-column-gap-default\">\n\t\t\t\t\t<div class=\"elementor-column elementor-col-100 elementor-top-column elementor-element elementor-element-1053ca7a\" data-id=\"1053ca7a\" data-element_type=\"column\" data-e-type=\"column\">\n\t\t\t<div class=\"elementor-widget-wrap elementor-element-populated\">\n\t\t\t\t\t\t<div class=\"elementor-element elementor-element-3d99e122 elementor-widget elementor-widget-heading\" data-id=\"3d99e122\" data-element_type=\"widget\" data-e-type=\"widget\" data-widget_type=\"heading.default\">\n\t\t\t\t<div class=\"elementor-widget-container\">\n\t\t\t\t\t<h1 class=\"elementor-heading-title elementor-size-default\">Quem Somos<\/h1>\t\t\t\t<\/div>\n\t\t\t\t<\/div>\n\t\t\t\t\t<\/div>\n\t\t<\/div>\n\t\t\t\t\t<\/div>\n\t\t<\/section>\n\t\t\t\t<section class=\"elementor-section elementor-top-section elementor-element elementor-element-40177ae0 elementor-section-boxed elementor-section-height-default elementor-section-height-default\" data-id=\"40177ae0\" data-element_type=\"section\" data-e-type=\"section\">\n\t\t\t\t\t\t<div class=\"elementor-container elementor-column-gap-no\">\n\t\t\t\t\t<div class=\"elementor-column elementor-col-50 elementor-top-column elementor-element elementor-element-2828f573\" data-id=\"2828f573\" data-element_type=\"column\" data-e-type=\"column\">\n\t\t\t<div class=\"elementor-widget-wrap elementor-element-populated\">\n\t\t\t\t\t\t<div class=\"elementor-element elementor-element-68afc23b elementor-widget elementor-widget-heading\" data-id=\"68afc23b\" data-element_type=\"widget\" data-e-type=\"widget\" data-widget_type=\"heading.default\">\n\t\t\t\t<div class=\"elementor-widget-container\">\n\t\t\t\t\t<h2 class=\"elementor-heading-title elementor-size-default\">Fundada em 2017<br> <\/h2>\t\t\t\t<\/div>\n\t\t\t\t<\/div>\n\t\t\t\t<div class=\"elementor-element elementor-element-194852a elementor-hidden-mobile elementor-invisible elementor-widget elementor-widget-image\" data-id=\"194852a\" data-element_type=\"widget\" data-e-type=\"widget\" data-settings=\"{&quot;_animation&quot;:&quot;fadeIn&quot;}\" data-widget_type=\"image.default\">\n\t\t\t\t<div class=\"elementor-widget-container\">\n\t\t\t\t\t\t\t\t\t\t\t\t\t\t\t<img fetchpriority=\"high\" decoding=\"async\" width=\"300\" height=\"300\" src=\"https:\/\/casadoprojeto.com.br\/wp-content\/uploads\/2022\/10\/cropped-LOGO_2020_512X512-300x300.png\" class=\"attachment-medium size-medium wp-image-307\" alt=\"\" srcset=\"https:\/\/casadoprojeto.com.br\/wp-content\/uploads\/2022\/10\/cropped-LOGO_2020_512X512-300x300.png 300w, https:\/\/casadoprojeto.com.br\/wp-content\/uploads\/2022\/10\/cropped-LOGO_2020_512X512-150x150.png 150w, https:\/\/casadoprojeto.com.br\/wp-content\/uploads\/2022\/10\/cropped-LOGO_2020_512X512-140x140.png 140w, https:\/\/casadoprojeto.com.br\/wp-content\/uploads\/2022\/10\/cropped-LOGO_2020_512X512-270x270.png 270w, https:\/\/casadoprojeto.com.br\/wp-content\/uploads\/2022\/10\/cropped-LOGO_2020_512X512-192x192.png 192w, https:\/\/casadoprojeto.com.br\/wp-content\/uploads\/2022\/10\/cropped-LOGO_2020_512X512-180x180.png 180w, https:\/\/casadoprojeto.com.br\/wp-content\/uploads\/2022\/10\/cropped-LOGO_2020_512X512-32x32.png 32w, https:\/\/casadoprojeto.com.br\/wp-content\/uploads\/2022\/10\/cropped-LOGO_2020_512X512.png 512w\" sizes=\"(max-width: 300px) 100vw, 300px\" \/>\t\t\t\t\t\t\t\t\t\t\t\t\t\t\t<\/div>\n\t\t\t\t<\/div>\n\t\t\t\t\t<\/div>\n\t\t<\/div>\n\t\t\t\t<div class=\"elementor-column elementor-col-50 elementor-top-column elementor-element elementor-element-48096891\" data-id=\"48096891\" data-element_type=\"column\" data-e-type=\"column\">\n\t\t\t<div class=\"elementor-widget-wrap elementor-element-populated\">\n\t\t\t\t\t\t<div class=\"elementor-element elementor-element-44ce5982 elementor-widget elementor-widget-text-editor\" data-id=\"44ce5982\" data-element_type=\"widget\" data-e-type=\"widget\" data-widget_type=\"text-editor.default\">\n\t\t\t\t<div class=\"elementor-widget-container\">\n\t\t\t\t\t\t\t\t\t<p>Um empresa jovem com DNA campe\u00e3o.<\/p>\t\t\t\t\t\t\t\t<\/div>\n\t\t\t\t<\/div>\n\t\t\t\t<div class=\"elementor-element elementor-element-e56ab06 elementor-widget elementor-widget-text-editor\" data-id=\"e56ab06\" data-element_type=\"widget\" data-e-type=\"widget\" data-widget_type=\"text-editor.default\">\n\t\t\t\t<div class=\"elementor-widget-container\">\n\t\t\t\t\t\t\t\t\t<p>A Casa do Projeto veio ao mercado para se destacar desde a sua g\u00eanese. A cada ano conseguimos crescer e otimizar nossos servi\u00e7os. Formada por profissionais com vasta experi\u00eancia no mercado, atuamos nas mais diversas \u00e1reas da Engenharia, da topografia ao projeto executivo, sempre com o \u00edmpeto de inovar mas sempre com a firmeza das nossas experi\u00eancias, estas consolidadas durante a viv\u00eancia profissional de cada integrante deste time. A Casa est\u00e1 sempre de portas abertas para voc\u00ea!!<\/p>\t\t\t\t\t\t\t\t<\/div>\n\t\t\t\t<\/div>\n\t\t\t\t<div class=\"elementor-element elementor-element-41a203d elementor-widget elementor-widget-text-editor\" data-id=\"41a203d\" data-element_type=\"widget\" data-e-type=\"widget\" data-widget_type=\"text-editor.default\">\n\t\t\t\t<div class=\"elementor-widget-container\">\n\t\t\t\t\t\t\t\t\t<p>Aguardamos sua visita!<\/p>\t\t\t\t\t\t\t\t<\/div>\n\t\t\t\t<\/div>\n\t\t\t\t<div class=\"elementor-element elementor-element-4ec76f84 elementor-widget elementor-widget-heading\" data-id=\"4ec76f84\" data-element_type=\"widget\" data-e-type=\"widget\" data-widget_type=\"heading.default\">\n\t\t\t\t<div class=\"elementor-widget-container\">\n\t\t\t\t\t<h3 class=\"elementor-heading-title elementor-size-medium\">Equipe Casa do Projeto<\/h3>\t\t\t\t<\/div>\n\t\t\t\t<\/div>\n\t\t\t\t\t<\/div>\n\t\t<\/div>\n\t\t\t\t\t<\/div>\n\t\t<\/section>\n\t\t\t\t<section class=\"elementor-section elementor-top-section elementor-element elementor-element-6c1c942 elementor-section-boxed elementor-section-height-default elementor-section-height-default\" data-id=\"6c1c942\" data-element_type=\"section\" data-e-type=\"section\">\n\t\t\t\t\t\t<div class=\"elementor-container elementor-column-gap-default\">\n\t\t\t\t\t<div class=\"elementor-column elementor-col-100 elementor-top-column elementor-element elementor-element-5325854\" data-id=\"5325854\" data-element_type=\"column\" data-e-type=\"column\">\n\t\t\t<div class=\"elementor-widget-wrap elementor-element-populated\">\n\t\t\t\t\t\t<div class=\"elementor-element elementor-element-23d54de elementor-widget elementor-widget-text-editor\" data-id=\"23d54de\" data-element_type=\"widget\" data-e-type=\"widget\" data-widget_type=\"text-editor.default\">\n\t\t\t\t<div class=\"elementor-widget-container\">\n\t\t\t\t\t\t\t\t\t<p><span style=\"font-size: 16px;\">A Casa do Projeto \u00e9 uma empresa renomada e inovadora que atua no setor de consultoria e servi\u00e7os, oferecendo solu\u00e7\u00f5es completas em topografia, projetos de engenharia, aerofotogrametria, geoprocessamento e meio ambiente. Fundada com a vis\u00e3o de fornecer servi\u00e7os de alta qualidade e precis\u00e3o, a empresa se destacou ao longo dos anos como uma refer\u00eancia no setor.<\/span><\/p><p>Topografia: A Casa do Projeto conta com uma equipe de top\u00f3grafos altamente qualificados e equipamentos de \u00faltima gera\u00e7\u00e3o para realizar levantamentos topogr\u00e1ficos precisos. Seja para a cria\u00e7\u00e3o de mapas, a defini\u00e7\u00e3o de limites de propriedades ou o apoio a projetos de constru\u00e7\u00e3o civil, a topografia \u00e9 a base para o sucesso de muitas empreitadas, e a empresa se destaca nesse aspecto.<\/p><p>Projetos de Engenharia: A experi\u00eancia da Casa do Projeto em projetos de engenharia abrange desde obras de infraestrutura at\u00e9 constru\u00e7\u00f5es comerciais e residenciais. Seus engenheiros s\u00e3o especialistas em criar projetos que atendem aos mais altos padr\u00f5es de qualidade, efici\u00eancia e seguran\u00e7a, garantindo o sucesso de cada empreendimento.<\/p><p>Aerofotogrametria: A empresa utiliza a tecnologia de aerofotogrametria para coletar dados geoespaciais a partir de imagens a\u00e9reas de alta resolu\u00e7\u00e3o. Isso permite mapear extensas \u00e1reas de forma r\u00e1pida e precisa, sendo uma ferramenta essencial para planejamento urbano, monitoramento ambiental, agricultura de precis\u00e3o e muito mais.<\/p><p>Geoprocessamento: O geoprocessamento \u00e9 fundamental para a an\u00e1lise e gerenciamento de dados espaciais. A Casa do Projeto oferece solu\u00e7\u00f5es avan\u00e7adas de geoprocessamento, permitindo a seus clientes tomar decis\u00f5es informadas com base em informa\u00e7\u00f5es georreferenciadas.<\/p><p>Meio Ambiente: A Casa do Projeto leva a s\u00e9rio a responsabilidade ambiental e oferece servi\u00e7os de consultoria voltados para a preserva\u00e7\u00e3o e uso sustent\u00e1vel dos recursos naturais. Isso inclui estudos de impacto ambiental, licenciamento ambiental e a\u00e7\u00f5es de mitiga\u00e7\u00e3o.<\/p><p>A Casa do Projeto tem como miss\u00e3o proporcionar resultados de alta qualidade, contribuindo para o sucesso de projetos e empreendimentos de seus clientes. Sua equipe de profissionais altamente qualificados, equipamentos de ponta e compromisso com a excel\u00eancia tornam a empresa uma parceira confi\u00e1vel e valiosa em todas as etapas do processo, desde a concep\u00e7\u00e3o at\u00e9 a implementa\u00e7\u00e3o de projetos. Seja qual for a necessidade em topografia, engenharia, aerofotogrametria, geoprocessamento ou meio ambiente, a Casa do Projeto tem as solu\u00e7\u00f5es que voc\u00ea precisa.<\/p>\t\t\t\t\t\t\t\t<\/div>\n\t\t\t\t<\/div>\n\t\t\t\t\t<\/div>\n\t\t<\/div>\n\t\t\t\t\t<\/div>\n\t\t<\/section>\n\t\t\t\t<section class=\"elementor-section elementor-top-section elementor-element elementor-element-88095be elementor-section-boxed elementor-section-height-default elementor-section-height-default\" data-id=\"88095be\" data-element_type=\"section\" data-e-type=\"section\" data-settings=\"{&quot;background_background&quot;:&quot;classic&quot;}\">\n\t\t\t\t\t\t<div class=\"elementor-container elementor-column-gap-no\">\n\t\t\t\t\t<div class=\"elementor-column elementor-col-33 elementor-top-column elementor-element elementor-element-b59566c\" data-id=\"b59566c\" data-element_type=\"column\" data-e-type=\"column\">\n\t\t\t<div class=\"elementor-widget-wrap elementor-element-populated\">\n\t\t\t\t\t\t<div class=\"elementor-element elementor-element-b292dd2 elementor-widget elementor-widget-image-box\" data-id=\"b292dd2\" data-element_type=\"widget\" data-e-type=\"widget\" data-widget_type=\"image-box.default\">\n\t\t\t\t<div class=\"elementor-widget-container\">\n\t\t\t\t\t<div class=\"elementor-image-box-wrapper\"><div class=\"elementor-image-box-content\"><h2 class=\"elementor-image-box-title\">Miss\u00e3o<\/h2><p class=\"elementor-image-box-description\">Ser uma empresa competitiva, inovadora e ousada que visa sempre o prestar o melhor servi\u00e7o com as melhores tecnologias do mercado.<\/p><\/div><\/div>\t\t\t\t<\/div>\n\t\t\t\t<\/div>\n\t\t\t\t\t<\/div>\n\t\t<\/div>\n\t\t\t\t<div class=\"elementor-column elementor-col-33 elementor-top-column elementor-element elementor-element-bca9a20\" data-id=\"bca9a20\" data-element_type=\"column\" data-e-type=\"column\">\n\t\t\t<div class=\"elementor-widget-wrap elementor-element-populated\">\n\t\t\t\t\t\t<div class=\"elementor-element elementor-element-b0e23ae elementor-widget elementor-widget-image-box\" data-id=\"b0e23ae\" data-element_type=\"widget\" data-e-type=\"widget\" data-widget_type=\"image-box.default\">\n\t\t\t\t<div class=\"elementor-widget-container\">\n\t\t\t\t\t<div class=\"elementor-image-box-wrapper\"><div class=\"elementor-image-box-content\"><h2 class=\"elementor-image-box-title\">Vis\u00e3o<\/h2><p class=\"elementor-image-box-description\">Ser uma empresa completa que ofere\u00e7a sempre o melhor atendimento.\nInovar e se renovar sempre, com busca constante na excel\u00eancia dos servi\u00e7os prestados.<\/p><\/div><\/div>\t\t\t\t<\/div>\n\t\t\t\t<\/div>\n\t\t\t\t\t<\/div>\n\t\t<\/div>\n\t\t\t\t<div class=\"elementor-column elementor-col-33 elementor-top-column elementor-element elementor-element-6b0d72f\" data-id=\"6b0d72f\" data-element_type=\"column\" data-e-type=\"column\">\n\t\t\t<div class=\"elementor-widget-wrap elementor-element-populated\">\n\t\t\t\t\t\t<div class=\"elementor-element elementor-element-30cd69e elementor-widget elementor-widget-heading\" data-id=\"30cd69e\" data-element_type=\"widget\" data-e-type=\"widget\" data-widget_type=\"heading.default\">\n\t\t\t\t<div class=\"elementor-widget-container\">\n\t\t\t\t\t<h2 class=\"elementor-heading-title elementor-size-default\">Valores<br><br><\/h2>\t\t\t\t<\/div>\n\t\t\t\t<\/div>\n\t\t\t\t<div class=\"elementor-element elementor-element-9f92279 elementor-widget__width-initial elementor-icon-list--layout-traditional elementor-list-item-link-full_width elementor-widget elementor-widget-icon-list\" data-id=\"9f92279\" data-element_type=\"widget\" data-e-type=\"widget\" data-widget_type=\"icon-list.default\">\n\t\t\t\t<div class=\"elementor-widget-container\">\n\t\t\t\t\t\t\t<ul class=\"elementor-icon-list-items\">\n\t\t\t\t\t\t\t<li class=\"elementor-icon-list-item\">\n\t\t\t\t\t\t\t\t\t\t\t<span class=\"elementor-icon-list-icon\">\n\t\t\t\t\t\t\t<i aria-hidden=\"true\" class=\"fas fa-caret-right\"><\/i>\t\t\t\t\t\t<\/span>\n\t\t\t\t\t\t\t\t\t\t<span class=\"elementor-icon-list-text\">\u00c9tica<\/span>\n\t\t\t\t\t\t\t\t\t<\/li>\n\t\t\t\t\t\t\t\t<li class=\"elementor-icon-list-item\">\n\t\t\t\t\t\t\t\t\t\t\t<span class=\"elementor-icon-list-icon\">\n\t\t\t\t\t\t\t<i aria-hidden=\"true\" class=\"fas fa-caret-right\"><\/i>\t\t\t\t\t\t<\/span>\n\t\t\t\t\t\t\t\t\t\t<span class=\"elementor-icon-list-text\">Inova\u00e7\u00e3o<\/span>\n\t\t\t\t\t\t\t\t\t<\/li>\n\t\t\t\t\t\t\t\t<li class=\"elementor-icon-list-item\">\n\t\t\t\t\t\t\t\t\t\t\t<span class=\"elementor-icon-list-icon\">\n\t\t\t\t\t\t\t<i aria-hidden=\"true\" class=\"fas fa-caret-right\"><\/i>\t\t\t\t\t\t<\/span>\n\t\t\t\t\t\t\t\t\t\t<span class=\"elementor-icon-list-text\">Respeito ao Cliente<\/span>\n\t\t\t\t\t\t\t\t\t<\/li>\n\t\t\t\t\t\t<\/ul>\n\t\t\t\t\t\t<\/div>\n\t\t\t\t<\/div>\n\t\t\t\t\t<\/div>\n\t\t<\/div>\n\t\t\t\t\t<\/div>\n\t\t<\/section>\n\t\t\t\t<\/div>\n\t\t","protected":false},"excerpt":{"rendered":"<p>Quem Somos Fundada em 2017 Um empresa jovem com DNA campe\u00e3o. A Casa do Projeto veio ao mercado para se destacar desde a sua g\u00eanese. A cada ano conseguimos crescer e otimizar nossos servi\u00e7os. Formada por profissionais com vasta experi\u00eancia no mercado, atuamos nas mais diversas \u00e1reas da Engenharia, da<\/p>\n","protected":false},"author":1,"featured_media":0,"parent":0,"menu_order":0,"comment_status":"closed","ping_status":"closed","template":"","meta":{"om_disable_all_campaigns":false,"_monsterinsights_skip_tracking":false,"_monsterinsights_sitenote_active":false,"_monsterinsights_sitenote_note":"","_monsterinsights_sitenote_category":0,"footnotes":""},"class_list":["post-31","page","type-page","status-publish","hentry"],"aioseo_notices":[],"_links":{"self":[{"href":"https:\/\/casadoprojeto.com.br\/index.php?rest_route=\/wp\/v2\/pages\/31","targetHints":{"allow":["GET"]}}],"collection":[{"href":"https:\/\/casadoprojeto.com.br\/index.php?rest_route=\/wp\/v2\/pages"}],"about":[{"href":"https:\/\/casadoprojeto.com.br\/index.php?rest_route=\/wp\/v2\/types\/page"}],"author":[{"embeddable":true,"href":"https:\/\/casadoprojeto.com.br\/index.php?rest_route=\/wp\/v2\/users\/1"}],"replies":[{"embeddable":true,"href":"https:\/\/casadoprojeto.com.br\/index.php?rest_route=%2Fwp%2Fv2%2Fcomments&post=31"}],"version-history":[{"count":56,"href":"https:\/\/casadoprojeto.com.br\/index.php?rest_route=\/wp\/v2\/pages\/31\/revisions"}],"predecessor-version":[{"id":964,"href":"https:\/\/casadoprojeto.com.br\/index.php?rest_route=\/wp\/v2\/pages\/31\/revisions\/964"}],"wp:attachment":[{"href":"https:\/\/casadoprojeto.com.br\/index.php?rest_route=%2Fwp%2Fv2%2Fmedia&parent=31"}],"curies":[{"name":"wp","href":"https:\/\/api.w.org\/{rel}","templated":true}]}}